{"id":450,"date":"2020-03-14T17:24:21","date_gmt":"2020-03-14T17:24:21","guid":{"rendered":"https:\/\/feliches.com\/?page_id=450"},"modified":"2022-02-10T19:57:57","modified_gmt":"2022-02-10T19:57:57","slug":"descubrir-villafeliche","status":"publish","type":"page","link":"https:\/\/feliches.com\/?page_id=450","title":{"rendered":"Descubre Villafeliche"},"content":{"rendered":"<h1>\n<p>Un lugar como ningun otro<\/p>\n<\/h1>\n<hr>\n<p><img decoding=\"async\" src=\"\/wp-content\/uploads\/maravillasdelavilla__03-e1644178387446.jpg\" alt=\"\"><\/p>\n<div>\n<p style=\"text-align: right;\">Dibujo de Bea Gil G\u00f3mez<\/p>\n<\/div>\n<hr>\n<h1>Mi pueblo <br \/>es tu pueblo<\/h1>\n<h4>\n<p>&#8212;&#8211;<\/p>\n<p>Mi pueblo Villafeliche<\/p>\n<p>es una tierra \u00fanica,<\/p>\n<p>all\u00ed est\u00e1n mis ra\u00edces<\/p>\n<p>y mis recuerdos de ni\u00f1a.<\/p>\n<p>&#8212;&#8212;<\/p>\n<p>Mi pueblo es tu pueblo<\/p>\n<p>puedes venir cuando quieras,<\/p>\n<p>te esperan mil maravillas<\/p>\n<p>si lo visitas un d\u00eda.<\/p>\n<p>&#8212;&#8211;<\/p>\n<p>Ver\u00e1s casas antiguas,<\/p>\n<p>calles estrechas,<\/p>\n<p>y un sinf\u00edn de frutales<\/p>\n<p>repartidos por la vega.<\/p>\n<p>&#8212;-<\/p>\n<p>Mi pueblo es tu pueblo<\/p>\n<p>la vida aqu\u00ed es sencilla,<\/p>\n<p>el tiempo pasa despacio,<\/p>\n<p>el reloj no tiene prisa.<\/p>\n<p>&#8212;&#8211;<\/p>\n<p>Ver\u00e1s cestos de mimbre,<\/p>\n<p>cuencos de arcilla,<\/p>\n<p>aparejos antiguos<\/p>\n<p>adornando las buhardillas.<\/p>\n<p>&#8212;&#8211;<\/p>\n<p>Mi pueblo es tu pueblo,<\/p>\n<p>como todos<\/p>\n<p>es el \u00fanico,<\/p>\n<p>porque lo quiero y lo siento<\/p>\n<p>como si fuera un tesoro.<\/p>\n<hr \/>\n<hr \/>\n<p>poema de Mapi Gil<\/p>\n<\/h4>\n<hr>\n<h1>\n<p>Villafeliche desde el aire<\/p>\n<\/h1>\n<hr>\n<p><iframe src=\"https:\/\/youtu.be\/j-wUBvD4uZc\"><\/iframe><\/p>\n<h2>Alfareria y Ceramica<\/h2>\n<h1>un pueblo con tradicion<\/h1>\n<p><img decoding=\"async\" src=\"\/wp-content\/uploads\/Plato-ceramica-Villafeliche_free.png\" alt=\"\"><br \/>\n<img decoding=\"async\" src=\"\/wp-content\/uploads\/muro-de-ceramica.jpg\" alt=\"\"><\/p>\n<div>\n<p>Alfarer\u00eda &#8222;Ti\u00f3 Puchericos&#8220;<\/p>\n<\/div>\n<p><img decoding=\"async\" src=\"\/wp-content\/uploads\/PHOTO-2020-04-14-11-37-15_middle.jpg\" alt=\"\"><\/p>\n<div>\n<p>Alfarer\u00eda &#8222;Manolo Gil&#8220;<\/p>\n<\/div>\n<hr>\n<hr>\n<h2>Molinos de Polvora<\/h2>\n<hr>\n<h1>historia, legado y patrimonio<\/h1>\n<hr>\n<p><img decoding=\"async\" src=\"\/wp-content\/uploads\/49729353_2323277864558593_6614323990313828352_n-1.jpg\" alt=\"\"><br \/>\n<img decoding=\"async\" src=\"\/wp-content\/uploads\/images.jpg\" alt=\"\"><br \/>\n<img decoding=\"async\" src=\"\/wp-content\/uploads\/20071027_VILLAFELICHE-Molino-restaurado_99_30_middle.jpg\" alt=\"\"><\/p>\n<hr>\n<h1>La Historia de Villafeliche<\/h1>\n<hr>\n<p><img decoding=\"async\" src=\"\/wp-content\/uploads\/Libro-Toni.png\" alt=\"\"><\/p>\n<hr>\n<hr>\n<h2>Comida Regional<\/h2>\n<hr>\n<p><img decoding=\"async\" src=\"\/wp-content\/uploads\/split2.jpg\" alt=\"\"><\/p>\n<div>\n<p>La mejor fruta de Espana desde siglos.<\/p>\n<\/div>\n<ul>\n<li>\n<p>        <img decoding=\"async\" src=\"\/wp-content\/uploads\/chistora.jpg\" alt=\"\"><\/p>\n<\/li>\n<li>\n<p>        <img decoding=\"async\" src=\"\/wp-content\/uploads\/migas.jpg\" alt=\"\"><\/p>\n<\/li>\n<li>\n<p>        <img decoding=\"async\" src=\"\/wp-content\/uploads\/Sardinas.jpg\" alt=\"\"><\/p>\n<\/li>\n<\/ul>\n<hr>\n<hr>\n<hr>\n<p><!--more--><br \/>\n<!-- {\"type\":\"layout\",\"children\":[{\"type\":\"section\",\"props\":{\"style\":\"secondary\",\"width\":\"large\",\"vertical_align\":\"\",\"title_position\":\"top-left\",\"title_rotation\":\"left\",\"title_breakpoint\":\"xl\",\"image_position\":\"center-center\",\"padding\":\"xsmall\",\"header_transparent\":\"light\",\"video\":\"\",\"overlap\":true},\"children\":[{\"type\":\"row\",\"children\":[{\"type\":\"column\",\"props\":{\"image_position\":\"center-center\",\"media_overlay_gradient\":\"\",\"width_medium\":\"1-1\",\"position_sticky_breakpoint\":\"m\"},\"children\":[{\"type\":\"headline\",\"props\":{\"title_element\":\"h1\",\"content\":\"\n\n<p>Un lugar como ningun otro<\\\/p>\",\"title_style\":\"heading-large\",\"margin_remove_top\":true,\"margin\":\"remove-vertical\",\"margin_remove_bottom\":true}},{\"type\":\"divider\",\"props\":{\"divider_element\":\"hr\",\"divider_style\":\"\",\"divider_align\":\"\",\"divider_align_breakpoint\":\"\",\"divider_align_fallback\":\"\"}},{\"type\":\"image\",\"props\":{\"margin\":\"default\",\"image_svg_color\":\"emphasis\",\"image\":\"wp-content\\\/uploads\\\/maravillasdelavilla__03-e1644178387446.jpg\"}},{\"type\":\"text\",\"props\":{\"margin\":\"default\",\"column_breakpoint\":\"m\",\"content\":\"\n\n<p style=\\\"text-align: right;\\\">Dibujo de Bea Gil G\\u00f3mez<\\\/p>\",\"text_size\":\"small\"}},{\"type\":\"text\",\"props\":{\"margin\":\"default\",\"column_breakpoint\":\"m\"}},{\"type\":\"divider\",\"props\":{\"divider_element\":\"hr\",\"divider_style\":\"\",\"divider_align\":\"\",\"divider_align_breakpoint\":\"\",\"divider_align_fallback\":\"\"}}]}]}],\"name\":\"Un lugar como ningun otro\"},{\"type\":\"section\",\"props\":{\"style\":\"secondary\",\"width\":\"default\",\"vertical_align\":\"middle\",\"title_position\":\"top-left\",\"title_rotation\":\"left\",\"title_breakpoint\":\"xl\",\"image_position\":\"center-center\",\"padding\":\"xsmall\"},\"children\":[{\"type\":\"row\",\"children\":[{\"type\":\"column\",\"props\":{\"position_sticky_breakpoint\":\"m\",\"image_position\":\"center-center\",\"media_overlay_gradient\":\"\"},\"children\":[{\"type\":\"headline\",\"props\":{\"title_element\":\"h1\",\"content\":\"Mi pueblo <br \\\/>es tu pueblo\"}},{\"type\":\"headline\",\"props\":{\"title_element\":\"h4\",\"content\":\"\n\n<p>-----<\\\/p>\\n\n\n<p>Mi pueblo Villafeliche<\\\/p>\\n\n\n<p>es una tierra \\u00fanica,<\\\/p>\\n\n\n<p>all\\u00ed est\\u00e1n mis ra\\u00edces<\\\/p>\\n\n\n<p>y mis recuerdos de ni\\u00f1a.<\\\/p>\\n\n\n<p>------<\\\/p>\\n\n\n<p>Mi pueblo es tu pueblo<\\\/p>\\n\n\n<p>puedes venir cuando quieras,<\\\/p>\\n\n\n<p>te esperan mil maravillas<\\\/p>\\n\n\n<p>si lo visitas un d\\u00eda.<\\\/p>\\n\n\n<p>-----<\\\/p>\\n\n\n<p>Ver\\u00e1s casas antiguas,<\\\/p>\\n\n\n<p>calles estrechas,<\\\/p>\\n\n\n<p>y un sinf\\u00edn de frutales<\\\/p>\\n\n\n<p>repartidos por la vega.<\\\/p>\\n\n\n<p>----<\\\/p>\\n\n\n<p>Mi pueblo es tu pueblo<\\\/p>\\n\n\n<p>la vida aqu\\u00ed es sencilla,<\\\/p>\\n\n\n<p>el tiempo pasa despacio,<\\\/p>\\n\n\n<p>el reloj no tiene prisa.<\\\/p>\\n\n\n<p>-----<\\\/p>\\n\n\n<p>Ver\\u00e1s cestos de mimbre,<\\\/p>\\n\n\n<p>cuencos de arcilla,<\\\/p>\\n\n\n<p>aparejos antiguos<\\\/p>\\n\n\n<p>adornando las buhardillas.<\\\/p>\\n\n\n<p>-----<\\\/p>\\n\n\n<p>Mi pueblo es tu pueblo,<\\\/p>\\n\n\n<p>como todos<\\\/p>\\n\n\n<p>es el \\u00fanico,<\\\/p>\\n\n\n<p>porque lo quiero y lo siento<\\\/p>\\n\n\n<p>como si fuera un tesoro.<\\\/p>\\n\n\n<hr \\\/>\n\n<hr \\\/>\\n\n\n<p>poema de Mapi Gil<\\\/p>\",\"title_color\":\"muted\",\"margin\":\"small\"}}]}]}],\"name\":\"Mi pueblo es tu pueblo\",\"modified\":\"2022-02-10T19:56:11.834Z\"},{\"type\":\"section\",\"props\":{\"style\":\"secondary\",\"width\":\"large\",\"vertical_align\":\"\",\"title_position\":\"top-left\",\"title_rotation\":\"left\",\"title_breakpoint\":\"xl\",\"image_position\":\"center-center\",\"padding\":\"xsmall\",\"header_transparent\":\"light\",\"video\":\"\",\"overlap\":true},\"children\":[{\"type\":\"row\",\"children\":[{\"type\":\"column\",\"props\":{\"image_position\":\"center-center\",\"media_overlay_gradient\":\"\",\"width_medium\":\"1-1\",\"position_sticky_breakpoint\":\"m\"},\"children\":[{\"type\":\"divider\",\"props\":{\"divider_element\":\"hr\",\"divider_style\":\"\",\"divider_align\":\"\",\"divider_align_breakpoint\":\"\",\"divider_align_fallback\":\"\"}},{\"type\":\"headline\",\"props\":{\"title_element\":\"h1\",\"content\":\"\n\n<p>Villafeliche desde el aire<\\\/p>\",\"title_style\":\"heading-large\"}},{\"type\":\"divider\",\"props\":{\"divider_element\":\"hr\",\"divider_style\":\"\",\"divider_align\":\"\",\"divider_align_breakpoint\":\"\",\"divider_align_fallback\":\"\"}},{\"type\":\"video\",\"props\":{\"video_controls\":true,\"margin\":\"default\",\"video\":\"https:\\\/\\\/youtu.be\\\/j-wUBvD4uZc\",\"video_width\":\"1200\"}}]}]}],\"name\":\"Villafeliche desde el aire\"},{\"type\":\"section\",\"props\":{\"style\":\"secondary\",\"width\":\"large\",\"vertical_align\":\"middle\",\"title_position\":\"top-left\",\"title_rotation\":\"left\",\"title_breakpoint\":\"xl\",\"image_position\":\"center-center\",\"padding\":\"xsmall\"},\"children\":[{\"type\":\"row\",\"children\":[{\"type\":\"column\",\"props\":{\"image_position\":\"center-center\",\"media_overlay_gradient\":\"\",\"width_medium\":\"1-1\",\"position_sticky_breakpoint\":\"m\"},\"children\":[{\"name\":\"\",\"type\":\"headline\",\"props\":{\"title_element\":\"h2\",\"content\":\"Alfareria y Ceramica\",\"title_style\":\"heading-medium\",\"margin\":\"remove-vertical\",\"text_align\":\"left\"}},{\"type\":\"headline\",\"props\":{\"title_element\":\"h1\",\"title_style\":\"h3\",\"content\":\"un pueblo con tradicion\"}},{\"type\":\"text\",\"props\":{\"margin\":\"default\",\"column_breakpoint\":\"m\"}}]}]},{\"type\":\"row\",\"props\":{\"layout\":\"1-2,1-2\"},\"children\":[{\"type\":\"column\",\"props\":{\"image_position\":\"center-center\",\"media_overlay_gradient\":\"\",\"width_medium\":\"1-2\",\"position_sticky_breakpoint\":\"m\"},\"children\":[{\"type\":\"image\",\"props\":{\"margin\":\"default\",\"image_svg_color\":\"emphasis\",\"image\":\"wp-content\\\/uploads\\\/Plato-ceramica-Villafeliche_free.png\"}},{\"type\":\"text\",\"props\":{\"margin\":\"default\",\"column_breakpoint\":\"m\"}}]},{\"type\":\"column\",\"props\":{\"image_position\":\"center-center\",\"media_overlay_gradient\":\"\",\"width_medium\":\"1-2\",\"position_sticky_breakpoint\":\"m\"},\"children\":[{\"type\":\"image\",\"props\":{\"margin\":\"default\",\"image_svg_color\":\"emphasis\",\"image\":\"wp-content\\\/uploads\\\/muro-de-ceramica.jpg\"}},{\"type\":\"text\",\"props\":{\"margin\":\"default\",\"column_breakpoint\":\"m\",\"content\":\"\n\n<p>Alfarer\\u00eda \\\"Ti\\u00f3 Puchericos\\\"<\\\/p>\"}},{\"type\":\"image\",\"props\":{\"margin\":\"default\",\"image_svg_color\":\"emphasis\",\"image\":\"wp-content\\\/uploads\\\/PHOTO-2020-04-14-11-37-15_middle.jpg\"}},{\"type\":\"text\",\"props\":{\"margin\":\"default\",\"column_breakpoint\":\"m\",\"content\":\"\n\n<p>Alfarer\\u00eda \\\"Manolo Gil\\\"<\\\/p>\"}}]}]},{\"type\":\"row\",\"children\":[{\"type\":\"column\",\"props\":{\"image_position\":\"center-center\",\"media_overlay_gradient\":\"\",\"width_medium\":\"1-1\",\"position_sticky_breakpoint\":\"m\"},\"children\":[{\"type\":\"divider\",\"props\":{\"divider_element\":\"hr\"}}]}]}],\"name\":\"Alfareria y Ceramica\",\"modified\":\"2022-02-09T10:32:46.173Z\"},{\"type\":\"section\",\"props\":{\"style\":\"secondary\",\"width\":\"large\",\"vertical_align\":\"middle\",\"title_position\":\"top-left\",\"title_rotation\":\"left\",\"title_breakpoint\":\"xl\",\"image_position\":\"center-center\"},\"children\":[{\"type\":\"row\",\"children\":[{\"type\":\"column\",\"props\":{\"image_position\":\"center-center\",\"media_overlay_gradient\":\"\",\"width_medium\":\"1-1\",\"position_sticky_breakpoint\":\"m\"},\"children\":[{\"type\":\"divider\",\"props\":{\"divider_element\":\"hr\"}},{\"name\":\"\",\"type\":\"headline\",\"props\":{\"title_element\":\"h2\",\"content\":\"Molinos de Polvora\",\"title_style\":\"heading-medium\",\"margin\":\"remove-vertical\",\"text_align\":\"left\"}},{\"type\":\"divider\",\"props\":{\"divider_element\":\"hr\"}},{\"type\":\"headline\",\"props\":{\"title_element\":\"h1\",\"title_style\":\"h3\",\"content\":\"historia, legado y patrimonio\"}},{\"type\":\"text\",\"props\":{\"margin\":\"default\",\"column_breakpoint\":\"m\"}},{\"type\":\"divider\",\"props\":{\"divider_element\":\"hr\"}}]}]},{\"type\":\"row\",\"props\":{\"layout\":\"1-2,1-2\"},\"children\":[{\"type\":\"column\",\"props\":{\"position_sticky_breakpoint\":\"m\",\"image_position\":\"center-center\",\"media_overlay_gradient\":\"\",\"width_medium\":\"1-2\"},\"children\":[{\"type\":\"image\",\"props\":{\"margin\":\"default\",\"image_svg_color\":\"emphasis\",\"image\":\"wp-content\\\/uploads\\\/49729353_2323277864558593_6614323990313828352_n-1.jpg\"}}]},{\"type\":\"column\",\"props\":{\"position_sticky_breakpoint\":\"m\",\"image_position\":\"center-center\",\"media_overlay_gradient\":\"\",\"width_medium\":\"1-2\"},\"children\":[{\"type\":\"image\",\"props\":{\"margin\":\"default\",\"image_svg_color\":\"emphasis\",\"image\":\"wp-content\\\/uploads\\\/images.jpg\"}},{\"type\":\"image\",\"props\":{\"margin\":\"default\",\"image_svg_color\":\"emphasis\",\"image\":\"wp-content\\\/uploads\\\/20071027_VILLAFELICHE-Molino-restaurado_99_30_middle.jpg\"}}]}]}],\"name\":\"Molinos de Polvora\",\"modified\":\"2022-02-09T10:33:17.729Z\"},{\"type\":\"section\",\"props\":{\"style\":\"secondary\",\"width\":\"large\",\"vertical_align\":\"middle\",\"title_position\":\"top-left\",\"title_rotation\":\"left\",\"title_breakpoint\":\"xl\",\"image_position\":\"center-center\",\"overlap\":true,\"padding\":\"xsmall\"},\"children\":[{\"type\":\"row\",\"children\":[{\"type\":\"column\",\"props\":{\"image_position\":\"center-center\",\"media_overlay_gradient\":\"\",\"width_medium\":\"1-1\",\"position_sticky_breakpoint\":\"m\"},\"children\":[{\"type\":\"divider\",\"props\":{\"divider_element\":\"hr\",\"divider_style\":\"\",\"divider_align\":\"\",\"divider_align_breakpoint\":\"\",\"divider_align_fallback\":\"\"}},{\"type\":\"headline\",\"props\":{\"title_element\":\"h1\",\"content\":\"La Historia de Villafeliche\",\"title_style\":\"heading-large\"}},{\"type\":\"divider\",\"props\":{\"divider_element\":\"hr\",\"divider_style\":\"\",\"divider_align\":\"\",\"divider_align_breakpoint\":\"\",\"divider_align_fallback\":\"\"}},{\"type\":\"image\",\"props\":{\"margin\":\"default\",\"image_svg_color\":\"emphasis\",\"image\":\"wp-content\\\/uploads\\\/Libro-Toni.png\"}},{\"type\":\"text\",\"props\":{\"margin\":\"default\",\"column_breakpoint\":\"m\"}},{\"type\":\"divider\",\"props\":{\"divider_element\":\"hr\",\"divider_style\":\"\",\"divider_align\":\"\",\"divider_align_breakpoint\":\"\",\"divider_align_fallback\":\"\"}}]}]}],\"name\":\"La historia de Villafeliche\"},{\"name\":\"Comida Regional\",\"type\":\"section\",\"props\":{\"style\":\"secondary\",\"width\":\"large\",\"vertical_align\":\"middle\",\"title_position\":\"top-left\",\"title_rotation\":\"left\",\"title_breakpoint\":\"xl\",\"image_position\":\"center-left\",\"image\":\"\",\"image_width\":\"745\",\"image_height\":\"746\",\"image_effect\":\"parallax\",\"image_parallax_bgy_start\":60,\"image_parallax_bgy_end\":-50,\"padding_remove_bottom\":true,\"padding\":\"small\",\"class\":\"\",\"overlap\":false,\"animation\":\"fade\"},\"children\":[{\"name\":\"\",\"type\":\"row\",\"props\":{\"width\":\"large\",\"vertical_align\":true},\"children\":[{\"name\":\"\",\"type\":\"column\",\"props\":{\"image_position\":\"center-center\",\"vertical_align\":\"middle\",\"media_overlay_gradient\":\"\",\"width_medium\":\"\",\"position_sticky_breakpoint\":\"m\"},\"children\":[{\"type\":\"divider\",\"props\":{\"divider_element\":\"hr\"}},{\"name\":\"\",\"type\":\"headline\",\"props\":{\"title_element\":\"h2\",\"content\":\"Comida Regional\",\"title_style\":\"heading-medium\",\"margin\":\"default\",\"margin_remove_top\":true,\"text_align\":\"left\"}},{\"type\":\"divider\",\"props\":{\"divider_element\":\"hr\"}},{\"name\":\"\",\"type\":\"image\",\"props\":{\"margin\":\"default\",\"image\":\"wp-content\\\/uploads\\\/split2.jpg\",\"image_width\":\"745\",\"text_align\":\"left\",\"text_align_breakpoint\":\"m\",\"text_align_fallback\":\"center\",\"animation\":\"parallax\",\"parallax_breakpoint\":\"m\",\"image_svg_color\":\"emphasis\",\"position\":\"relative\"}},{\"name\":\"\",\"type\":\"text\",\"props\":{\"margin\":\"medium\",\"column_breakpoint\":\"m\",\"content\":\"\n\n<p>La mejor fruta de Espana desde siglos.<\\\/p>\",\"text_style\":\"lead\",\"text_align\":\"left\",\"maxwidth\":\"2xlarge\",\"margin_remove_bottom\":true}},{\"type\":\"grid\",\"props\":{\"show_title\":true,\"show_meta\":true,\"show_content\":true,\"show_image\":true,\"show_link\":true,\"grid_default\":\"1\",\"grid_medium\":\"3\",\"filter_style\":\"tab\",\"filter_all\":true,\"filter_position\":\"top\",\"filter_align\":\"left\",\"filter_grid_width\":\"auto\",\"filter_grid_breakpoint\":\"m\",\"title_hover_style\":\"reset\",\"title_element\":\"h3\",\"title_align\":\"top\",\"title_grid_width\":\"1-2\",\"title_grid_breakpoint\":\"m\",\"meta_style\":\"meta\",\"meta_align\":\"below-title\",\"meta_element\":\"div\",\"content_column_breakpoint\":\"m\",\"icon_width\":80,\"image_align\":\"top\",\"image_grid_width\":\"1-2\",\"image_grid_breakpoint\":\"m\",\"image_svg_color\":\"emphasis\",\"link_text\":\"Read more\",\"link_style\":\"default\",\"margin\":\"default\",\"item_animation\":true},\"children\":[{\"type\":\"grid_item\",\"props\":{\"image\":\"wp-content\\\/uploads\\\/chistora.jpg\"}},{\"type\":\"grid_item\",\"props\":{\"image\":\"wp-content\\\/uploads\\\/migas.jpg\"}},{\"type\":\"grid_item\",\"props\":{\"image\":\"wp-content\\\/uploads\\\/Sardinas.jpg\"}}]},{\"type\":\"text\",\"props\":{\"margin\":\"default\",\"column_breakpoint\":\"m\"}},{\"type\":\"divider\",\"props\":{\"divider_element\":\"hr\"}},{\"type\":\"divider\",\"props\":{\"divider_element\":\"hr\"}},{\"type\":\"divider\",\"props\":{\"divider_element\":\"hr\"}}]}]}],\"modified\":\"2022-02-09T10:34:31.285Z\"}],\"version\":\"2.7.12\"} --><\/p>\n","protected":false},"excerpt":{"rendered":"<p>Un lugar como ningun otro Dibujo de Bea Gil G\u00f3mez Mi pueblo es tu pueblo &#8212;&#8211; Mi pueblo Villafeliche es una tierra \u00fanica, all\u00ed est\u00e1n mis ra\u00edces y mis recuerdos de ni\u00f1a. &#8212;&#8212; Mi pueblo es tu pueblo puedes venir cuando quieras, te esperan mil maravillas si lo visitas un d\u00eda. &#8212;&#8211; Ver\u00e1s casas antiguas, [&hellip;]<\/p>\n","protected":false},"author":1,"featured_media":0,"parent":0,"menu_order":0,"comment_status":"closed","ping_status":"closed","template":"","meta":{"footnotes":""},"class_list":["post-450","page","type-page","status-publish","hentry"],"_links":{"self":[{"href":"https:\/\/feliches.com\/index.php?rest_route=\/wp\/v2\/pages\/450","targetHints":{"allow":["GET"]}}],"collection":[{"href":"https:\/\/feliches.com\/index.php?rest_route=\/wp\/v2\/pages"}],"about":[{"href":"https:\/\/feliches.com\/index.php?rest_route=\/wp\/v2\/types\/page"}],"author":[{"embeddable":true,"href":"https:\/\/feliches.com\/index.php?rest_route=\/wp\/v2\/users\/1"}],"replies":[{"embeddable":true,"href":"https:\/\/feliches.com\/index.php?rest_route=%2Fwp%2Fv2%2Fcomments&post=450"}],"version-history":[{"count":56,"href":"https:\/\/feliches.com\/index.php?rest_route=\/wp\/v2\/pages\/450\/revisions"}],"predecessor-version":[{"id":2291,"href":"https:\/\/feliches.com\/index.php?rest_route=\/wp\/v2\/pages\/450\/revisions\/2291"}],"wp:attachment":[{"href":"https:\/\/feliches.com\/index.php?rest_route=%2Fwp%2Fv2%2Fmedia&parent=450"}],"curies":[{"name":"wp","href":"https:\/\/api.w.org\/{rel}","templated":true}]}}