{"id":17,"date":"2018-02-09T09:54:06","date_gmt":"2018-02-09T09:54:06","guid":{"rendered":"http:\/\/localhost\/themes\/Pro\/Pinewood-Lake\/Website_WP\/index.php\/getting-started\/"},"modified":"2022-02-10T19:58:34","modified_gmt":"2022-02-10T19:58:34","slug":"getting-started","status":"publish","type":"page","link":"https:\/\/feliches.com\/","title":{"rendered":"Home"},"content":{"rendered":"<h1>Villafeliche<\/h1>\n<hr>\n<h2>Vista General<\/h2>\n<h1>un pueblo a orillas del Jiloca<\/h1>\n<p><img decoding=\"async\" src=\"\/wp-content\/uploads\/vista-general-2-e1644400085778.jpg\" alt=\"\"><\/p>\n<div>\n<p><b>Villafeliche<\/b>. Est\u00e1 ubicado en la comarca de Calatayud, provincia de Zaragoza (a 94 km. de la capital), comunidad de Arag\u00f3n en Espa\u00f1a. Esta villa se encuentra en la depresi\u00f3n longitudinal Calatayud-Daroca (Sistema Ib\u00e9rico), junto al r\u00edo Jiloca, de 724 m. de altitud.<\/p>\n<\/div>\n<hr>\n<hr>\n<p><!--more--><br \/>\n<!-- {\"name\":\"Home\",\"type\":\"layout\",\"children\":[{\"name\":\"Foto portada\",\"type\":\"section\",\"props\":{\"style\":\"default\",\"width\":\"large\",\"vertical_align\":\"middle\",\"title_position\":\"top-left\",\"title_rotation\":\"left\",\"title_breakpoint\":\"xl\",\"image_position\":\"center-right\",\"padding\":\"large\",\"header_transparent\":\"dark\",\"header_transparent_noplaceholder\":true,\"class\":\"demo\",\"image\":\"wp-content\\\/uploads\\\/StarSeite.jpg\",\"height\":\"full\",\"image_size\":\"cover\",\"image_parallax_bgx_start\":\"0\",\"image_parallax_bgx_end\":\"-60\",\"image_width\":\"2560\",\"image_height\":\"1600\",\"overlap\":true},\"children\":[{\"name\":\"\",\"type\":\"row\",\"children\":[{\"name\":\"\",\"type\":\"column\",\"props\":{\"image_position\":\"center-center\",\"image\":\"\",\"image_effect\":\"parallax\",\"image_parallax_bgy_start\":-10,\"image_parallax_bgy_end\":-90,\"text_color\":\"light\",\"media_overlay_gradient\":\"\",\"width_medium\":\"1-1\",\"position_sticky_breakpoint\":\"m\"},\"children\":[{\"type\":\"headline\",\"props\":{\"title_element\":\"h1\",\"content\":\"Villafeliche\",\"title_style\":\"h1\",\"text_align\":\"center\",\"margin_remove_bottom\":false,\"position\":\"relative\",\"position_z_index\":\"0\",\"position_left\":\"0\",\"position_bottom\":\"-420\"}}]}]}]},{\"type\":\"section\",\"props\":{\"style\":\"default\",\"width\":\"large\",\"vertical_align\":\"middle\",\"title_position\":\"top-left\",\"title_rotation\":\"left\",\"title_breakpoint\":\"xl\",\"image_position\":\"center-center\",\"padding\":\"xsmall\"},\"children\":[{\"type\":\"row\",\"children\":[{\"type\":\"column\",\"props\":{\"image_position\":\"center-center\",\"media_overlay_gradient\":\"\",\"width_medium\":\"1-1\",\"position_sticky_breakpoint\":\"m\"},\"children\":[{\"type\":\"divider\",\"props\":{\"divider_element\":\"hr\"}},{\"name\":\"\",\"type\":\"headline\",\"props\":{\"title_element\":\"h2\",\"content\":\"Vista General\",\"title_style\":\"heading-medium\",\"margin\":\"remove-vertical\",\"text_align\":\"left\"}},{\"type\":\"headline\",\"props\":{\"title_element\":\"h1\",\"title_style\":\"h3\",\"content\":\"un pueblo a orillas del Jiloca\"}},{\"type\":\"image\",\"props\":{\"margin\":\"default\",\"image_svg_color\":\"emphasis\",\"image\":\"wp-content\\\/uploads\\\/vista-general-2-e1644400085778.jpg\"}},{\"type\":\"text\",\"props\":{\"margin\":\"default\",\"column_breakpoint\":\"m\",\"content\":\"\n\n<p><b>Villafeliche<\\\/b>. Est\\u00e1 ubicado en la comarca de Calatayud, provincia de Zaragoza (a 94 km. de la capital), comunidad de Arag\\u00f3n en Espa\\u00f1a. Esta villa se encuentra en la depresi\\u00f3n longitudinal Calatayud-Daroca (Sistema Ib\\u00e9rico), junto al r\\u00edo Jiloca, de 724 m. de altitud.<\\\/p>\"}}]}]},{\"type\":\"row\",\"children\":[{\"type\":\"column\",\"props\":{\"image_position\":\"center-center\",\"media_overlay_gradient\":\"\",\"width_medium\":\"1-1\",\"position_sticky_breakpoint\":\"m\"},\"children\":[{\"type\":\"divider\",\"props\":{\"divider_element\":\"hr\"}},{\"type\":\"divider\",\"props\":{\"divider_element\":\"hr\"}}]}]}],\"name\":\"Vista General\"}],\"version\":\"2.7.12\"} --><\/p>\n","protected":false},"excerpt":{"rendered":"<p>Villafeliche Vista General un pueblo a orillas del Jiloca Villafeliche. Est\u00e1 ubicado en la comarca de Calatayud, provincia de Zaragoza (a 94 km. de la capital), comunidad de Arag\u00f3n en Espa\u00f1a. Esta villa se encuentra en la depresi\u00f3n longitudinal Calatayud-Daroca (Sistema Ib\u00e9rico), junto al r\u00edo Jiloca, de 724 m. de altitud.<\/p>\n","protected":false},"author":1,"featured_media":0,"parent":0,"menu_order":9,"comment_status":"closed","ping_status":"closed","template":"","meta":{"footnotes":""},"class_list":["post-17","page","type-page","status-publish","hentry"],"_links":{"self":[{"href":"https:\/\/feliches.com\/index.php?rest_route=\/wp\/v2\/pages\/17","targetHints":{"allow":["GET"]}}],"collection":[{"href":"https:\/\/feliches.com\/index.php?rest_route=\/wp\/v2\/pages"}],"about":[{"href":"https:\/\/feliches.com\/index.php?rest_route=\/wp\/v2\/types\/page"}],"author":[{"embeddable":true,"href":"https:\/\/feliches.com\/index.php?rest_route=\/wp\/v2\/users\/1"}],"replies":[{"embeddable":true,"href":"https:\/\/feliches.com\/index.php?rest_route=%2Fwp%2Fv2%2Fcomments&post=17"}],"version-history":[{"count":240,"href":"https:\/\/feliches.com\/index.php?rest_route=\/wp\/v2\/pages\/17\/revisions"}],"predecessor-version":[{"id":2292,"href":"https:\/\/feliches.com\/index.php?rest_route=\/wp\/v2\/pages\/17\/revisions\/2292"}],"wp:attachment":[{"href":"https:\/\/feliches.com\/index.php?rest_route=%2Fwp%2Fv2%2Fmedia&parent=17"}],"curies":[{"name":"wp","href":"https:\/\/api.w.org\/{rel}","templated":true}]}}